{"id":1568,"date":"2016-02-03T04:08:41","date_gmt":"2016-02-03T04:08:41","guid":{"rendered":"http:\/\/ricardvila.com\/studio\/"},"modified":"2017-03-29T15:24:29","modified_gmt":"2017-03-29T15:24:29","slug":"estudi","status":"publish","type":"page","link":"https:\/\/ricardvila.com\/ca\/estudi\/","title":{"rendered":""},"content":{"rendered":"<section  class=\"phtpb_section pht-parent  phtpb_section--padding-none\"  ><div  class=\"pht-wrapper pht-parent\"><div class=\"pht-layout \"><!-- --><div  class=\"pht-layout__item \"><div class=\"pht-colorbox  pht-box--valign-top \" style=\"\"><figure  class=\"phtpb_item phtpb_item--module phtpb_image pht-fig phtpb_image--center pht-mb phtpb_width--1plus phtpb_width--075plus phtpb_width--value10\"  ><span class=\"pht-fig__inner\"><img decoding=\"async\"  src=\"https:\/\/ricardvila.com\/wp-content\/uploads\/2016\/03\/RicardVila-home-ok-350x58.png\" class=\"\" alt=\"RicardVila\/Studio\" width=\"350\" \/><\/span><\/figure><div  class=\"phtpb_item pht-divider pht-divider_none pht-divider_middle hidden--never phtpb_width--1plus phtpb_width--075plus phtpb_width--value10\" style=height:70px; ><\/div><div  class=\"phtpb_item phtpb_text cf pht-mb phtpb_width--1plus phtpb_width--075plus phtpb_width--value10\"  ><p>L\u2019any 2000, Ricard Vila funda Ricard Vila\/Studio, un estudi multidisciplinar de disseny industrial i consultoria a Igualada (Barcelona). Amb els anys es desenvolupen nous projectes, l\u2019estudi creix i es vincula amb disciplines art\u00edstiques que obren la mirada a noves possibilitats i clients.<\/p>\n<p>Actualment, amb les oficines centrals ubicades en una fabrica d\u2019adobament de pell del segle xix restaurada, que comparteix amb estudis d&#8217;altres disciplines, Ricard Vila Studio compta amb un equip de dissenyadors, arquitectes i enginyers que desenvolupa projectes de diferents dimensions, nacionals i internacionals, que tenen com a referent el disseny en m\u00faltiples vessants.<\/p>\n<\/div><div  class=\"phtpb_item phtpb_text cf pht-mb phtpb_width--1plus phtpb_width--075plus phtpb_width--value10\"  ><h4><\/h4>\n<h4 style=\"text-align: center;\">Disseny Industrial<\/h4>\n<p>Amb el disseny projectem productes honestos treient tot el necessari. Som uns apassionats del detall i els materials ben utilitzats. Creem productes emocionals, tecnol\u00f2gics, imprescindibles, productes funcionals i creatius del dem\u00e0 avui mantenint un car\u00e0cter atemporal.<\/p>\n<p><span style=\"color: #ffffff;\">&#8211;\u00a0<\/span><\/p>\n<h4 style=\"text-align: center;\">Estrat\u00e8gia de disseny \/ Consultoria<\/h4>\n<p>Som coneixedors dels processos industrials i artesanals de fabricaci\u00f3 i condu\u00efm les idees per tal d&#8217;oferir productes m\u00e9s funcionals i diferenciadors, apropiats per als nostres clients. Oferim suport creatiu a les oficines t\u00e8cniques dels nostres clients.<\/p>\n<p><span style=\"color: #ffffff;\">&#8211;\u00a0<\/span><\/p>\n<h4 style=\"text-align: center;\">Direcci\u00f3 d&#8217;art<\/h4>\n<p>Les idees es comuniquen a trav\u00e9s de les imatges, m\u00fasica, olors i de forma molt immediata i contundent. Els productes i la seva marca s&#8217;han de representar i difondre de forma eficient, honesta i efectiva en el mercat actual.<\/p>\n<p><span style=\"color: #ffffff;\">&#8211;<\/span><\/p>\n<h4 style=\"text-align: center;\">Arquitectura \/\u00a0Disseny d&#8217;interiors<\/h4>\n<p><span style=\"color: #ffffff;\">&#8211;\u00a0<\/span><\/p>\n<h4 style=\"text-align: center;\">Disseny Retail<\/h4>\n<\/div><div  class=\"pht-layout \"><!-- --><div  class=\"pht-layout__item \"><\/div><!-- --><\/div><\/div><\/div><!-- --><\/div><\/div><\/section>","protected":false},"excerpt":{"rendered":"","protected":false},"author":1,"featured_media":0,"parent":0,"menu_order":0,"comment_status":"closed","ping_status":"open","template":"","meta":{"footnotes":""},"class_list":["post-1568","page","type-page","status-publish","hentry"],"yoast_head":"<!-- This site is optimized with the Yoast SEO plugin v27.1.1 - https:\/\/yoast.com\/product\/yoast-seo-wordpress\/ -->\n<title>- Ricard Vila Studio<\/title>\n<meta name=\"description\" content=\"Ricard Vila\/Studio \u00e9s un estudi multidisciplinar de disseny a Barcelona\" \/>\n<meta name=\"robots\" content=\"index, follow, max-snippet:-1, max-image-preview:large, max-video-preview:-1\" \/>\n<link rel=\"canonical\" href=\"https:\/\/ricardvila.com\/ca\/estudi\/\" \/>\n<meta property=\"og:locale\" content=\"ca_ES\" \/>\n<meta property=\"og:type\" content=\"article\" \/>\n<meta property=\"og:title\" content=\"- Ricard Vila Studio\" \/>\n<meta property=\"og:description\" content=\"Ricard Vila\/Studio \u00e9s un estudi multidisciplinar de disseny a Barcelona\" \/>\n<meta property=\"og:url\" content=\"https:\/\/ricardvila.com\/ca\/estudi\/\" \/>\n<meta property=\"og:site_name\" content=\"Ricard Vila Studio\" \/>\n<meta property=\"article:modified_time\" content=\"2017-03-29T15:24:29+00:00\" \/>\n<meta name=\"twitter:card\" content=\"summary_large_image\" \/>\n<meta name=\"twitter:label1\" content=\"Temps estimat de lectura\" \/>\n\t<meta name=\"twitter:data1\" content=\"1 minut\" \/>\n<script type=\"application\/ld+json\" class=\"yoast-schema-graph\">{\"@context\":\"https:\/\/schema.org\",\"@graph\":[{\"@type\":\"WebPage\",\"@id\":\"https:\/\/ricardvila.com\/ca\/estudi\/\",\"url\":\"https:\/\/ricardvila.com\/ca\/estudi\/\",\"name\":\"- Ricard Vila Studio\",\"isPartOf\":{\"@id\":\"https:\/\/ricardvila.com\/#website\"},\"datePublished\":\"2016-02-03T04:08:41+00:00\",\"dateModified\":\"2017-03-29T15:24:29+00:00\",\"description\":\"Ricard Vila\/Studio \u00e9s un estudi multidisciplinar de disseny a Barcelona\",\"inLanguage\":\"ca\",\"potentialAction\":[{\"@type\":\"ReadAction\",\"target\":[\"https:\/\/ricardvila.com\/ca\/estudi\/\"]}]},{\"@type\":\"WebSite\",\"@id\":\"https:\/\/ricardvila.com\/#website\",\"url\":\"https:\/\/ricardvila.com\/\",\"name\":\"Ricard Vila Studio\",\"description\":\"\",\"potentialAction\":[{\"@type\":\"SearchAction\",\"target\":{\"@type\":\"EntryPoint\",\"urlTemplate\":\"https:\/\/ricardvila.com\/?s={search_term_string}\"},\"query-input\":{\"@type\":\"PropertyValueSpecification\",\"valueRequired\":true,\"valueName\":\"search_term_string\"}}],\"inLanguage\":\"ca\"}]}<\/script>\n<!-- \/ Yoast SEO plugin. -->","yoast_head_json":{"title":"- Ricard Vila Studio","description":"Ricard Vila\/Studio \u00e9s un estudi multidisciplinar de disseny a Barcelona","robots":{"index":"index","follow":"follow","max-snippet":"max-snippet:-1","max-image-preview":"max-image-preview:large","max-video-preview":"max-video-preview:-1"},"canonical":"https:\/\/ricardvila.com\/ca\/estudi\/","og_locale":"ca_ES","og_type":"article","og_title":"- Ricard Vila Studio","og_description":"Ricard Vila\/Studio \u00e9s un estudi multidisciplinar de disseny a Barcelona","og_url":"https:\/\/ricardvila.com\/ca\/estudi\/","og_site_name":"Ricard Vila Studio","article_modified_time":"2017-03-29T15:24:29+00:00","twitter_card":"summary_large_image","twitter_misc":{"Temps estimat de lectura":"1 minut"},"schema":{"@context":"https:\/\/schema.org","@graph":[{"@type":"WebPage","@id":"https:\/\/ricardvila.com\/ca\/estudi\/","url":"https:\/\/ricardvila.com\/ca\/estudi\/","name":"- Ricard Vila Studio","isPartOf":{"@id":"https:\/\/ricardvila.com\/#website"},"datePublished":"2016-02-03T04:08:41+00:00","dateModified":"2017-03-29T15:24:29+00:00","description":"Ricard Vila\/Studio \u00e9s un estudi multidisciplinar de disseny a Barcelona","inLanguage":"ca","potentialAction":[{"@type":"ReadAction","target":["https:\/\/ricardvila.com\/ca\/estudi\/"]}]},{"@type":"WebSite","@id":"https:\/\/ricardvila.com\/#website","url":"https:\/\/ricardvila.com\/","name":"Ricard Vila Studio","description":"","potentialAction":[{"@type":"SearchAction","target":{"@type":"EntryPoint","urlTemplate":"https:\/\/ricardvila.com\/?s={search_term_string}"},"query-input":{"@type":"PropertyValueSpecification","valueRequired":true,"valueName":"search_term_string"}}],"inLanguage":"ca"}]}},"_links":{"self":[{"href":"https:\/\/ricardvila.com\/ca\/wp-json\/wp\/v2\/pages\/1568","targetHints":{"allow":["GET"]}}],"collection":[{"href":"https:\/\/ricardvila.com\/ca\/wp-json\/wp\/v2\/pages"}],"about":[{"href":"https:\/\/ricardvila.com\/ca\/wp-json\/wp\/v2\/types\/page"}],"author":[{"embeddable":true,"href":"https:\/\/ricardvila.com\/ca\/wp-json\/wp\/v2\/users\/1"}],"replies":[{"embeddable":true,"href":"https:\/\/ricardvila.com\/ca\/wp-json\/wp\/v2\/comments?post=1568"}],"version-history":[{"count":3,"href":"https:\/\/ricardvila.com\/ca\/wp-json\/wp\/v2\/pages\/1568\/revisions"}],"predecessor-version":[{"id":1569,"href":"https:\/\/ricardvila.com\/ca\/wp-json\/wp\/v2\/pages\/1568\/revisions\/1569"}],"wp:attachment":[{"href":"https:\/\/ricardvila.com\/ca\/wp-json\/wp\/v2\/media?parent=1568"}],"curies":[{"name":"wp","href":"https:\/\/api.w.org\/{rel}","templated":true}]}}