{"id":1590,"date":"2017-01-17T16:21:17","date_gmt":"2017-01-17T16:21:17","guid":{"rendered":"http:\/\/ricardvila.com\/rec-0\/"},"modified":"2017-03-30T14:16:54","modified_gmt":"2017-03-30T14:16:54","slug":"rec-0","status":"publish","type":"page","link":"https:\/\/ricardvila.com\/ca\/rec-0\/","title":{"rendered":"Rec.0"},"content":{"rendered":"<section  class=\"phtpb_section pht-parent  phtpb_section--bg-hidden-palm phtpb_section--padding-giant pht-inherit-colors-palm\" style=color:#ffffff; ><div class='pht-bg-ctnr__hider pht-bg-ctnr__hider--parallax' ><div class='js-pht-bg-ctnr js-pht-bg-ctnr-img pht-bg-ctnr js-phtpb_section_bg--parallax phtpb_section_bg--parallax hidden--palm js-initial-hidden' style=' opacity:0.6;'><img decoding=\"async\" class=\"js-image-container js-pht-img-loader\" src=\"https:\/\/ricardvila.com\/wp-content\/uploads\/2017\/01\/rec.01_retail-design2.jpg\" data-imgurl=\"https:\/\/ricardvila.com\/wp-content\/uploads\/2017\/01\/rec.01_retail-design2.jpg\" alt=\"rec.01_dise\u00f1o retail\" style=\"display:none;\"><\/div><\/div><div  class=\"pht-wrapper pht-parent\"><div class=\"pht-layout \"><!-- --><div  class=\"pht-layout__item \"><div class=\"pht-colorbox  pht-box--valign-top js-pht-waypoint pht-waypoint pht-t2b \" style=\"\"><div  class=\"phtpb_item phtpb_text cf pht-mb phtpb_width--1plus phtpb_width--075plus phtpb_width--value10\"  ><p style=\"text-align: left;\"><span class=\"pht-beta\" style=\"color: #000000;\">\u00c9s la transformaci\u00f3 ef\u00edmera d\u2019un vell barri industrial, el barri del Rec, a Igualada.\u00a0Dues vegades l\u2019any, i nom\u00e9s durant quatre dies, les velles f\u00e0briques i adoberies es converteixen en <strong>pop up stores de moda<\/strong>.\u00a0<\/span><\/p>\n<\/div><div  class=\"phtpb_item phtpb_text cf pht-mb phtpb_width--1plus phtpb_width--075plus phtpb_width--value10\"  ><h3><span style=\"color: #808080;\"><a style=\"color: #808080;\" href=\"http:\/\/www.rec0.com\" target=\"_blank\">www.rec0.com<\/a><\/span><\/h3>\n<\/div><\/div><\/div><!-- --><\/div><\/div><\/section><section  class=\"phtpb_section pht-parent  phtpb_section--padding-normal\" style=background-color:#fff; ><div  class=\"pht-wrapper pht-parent\"><div class=\"pht-layout \"><!-- --><div  class=\"pht-layout__item \"><div class=\"pht-colorbox  pht-box--valign-top \" style=\"\"><div  class=\"phtpb_item phtpb_text cf pht-mb phtpb_width--1plus phtpb_width--075plus phtpb_width--value10\"  ><h2 style=\"text-align: center;\">REC.0<\/h2>\n<\/div><\/div><\/div><!-- --><\/div><\/div><div  class=\"pht-wrapper pht-parent\"><div class=\"pht-layout \"><!-- --><div  class=\"pht-layout__item \"><div class=\"pht-colorbox  pht-box--valign-top \" style=\"\"><div  class=\"js-pht-lightboxgallery phtpb_item phtpb_item--showcase pht-mb phtpb_width--1plus phtpb_width--075plus phtpb_width--value10\"  >\t\t\t\n\t\t\t<div class=\"js-showcase js-phtpb_showcase_ctnr pht-white cf  pht-mctnr--gut24\">\n\n\t\t\t\t\n\t\t\t\t\t<article class=\"pht-showcase__item pht-parent pht-hider js-pht-waypoint pht-waypoint pht-fadesat   u-1-of-2 pht-mctnr--2__item u-1-of-3-desk pht-mctnr--gut24__item\"> \n\t\t\t\t\t\t<figure class=\"pht-fig pht-fig--filter\"><img decoding=\"async\"  src=\"https:\/\/ricardvila.com\/wp-content\/uploads\/2017\/01\/rec.014_design-380x285.jpg\" class=\"pht-img--fill\" alt=\"rec.014_design\" srcset=\"https:\/\/ricardvila.com\/wp-content\/uploads\/2017\/01\/rec.014_design-380x285.jpg 1x, https:\/\/ricardvila.com\/wp-content\/uploads\/2017\/01\/rec.014_design-760x570.jpg 2x\" width=\"380\" \/><div class=\"pht-fig__link--ctnr\"><a class=\"pht-fig__link pht-fig__link--hoverdir pht-fig__link--main pht-text-center a-a a-a--no-h\" href=\"https:\/\/ricardvila.com\/ca\/project\/rec014\/\"><div class=\"pht-fig__titles pht-epsilon\"><h2 class=\"entry-title pht-truncate pht-heading hN pht-mb0 \">Rec.014<\/h2><\/div><\/a><a href=\"https:\/\/ricardvila.com\/wp-content\/uploads\/2017\/01\/rec.014_design.jpg\" class=\"pht-fig__link js-pht-magnific_popup pht-fig__link--secondary a-a a-a--no-h\"><i class=\"pht-fig__link__string pht-ic-f1-arrow-expand-alt\"><\/i><\/a><\/div><\/figure>\n\t\t\t\t\t<\/article>\n\n\t\t\t\t\n\t\t\t\t\t<article class=\"pht-showcase__item pht-parent pht-hider js-pht-waypoint pht-waypoint pht-fadesat   u-1-of-2 pht-mctnr--2__item u-1-of-3-desk pht-mctnr--gut24__item\"> \n\t\t\t\t\t\t<figure class=\"pht-fig pht-fig--filter\"><img decoding=\"async\"  src=\"https:\/\/ricardvila.com\/wp-content\/uploads\/2017\/01\/01.retocada-14-380x498.jpg\" class=\"pht-img--fill\" alt=\"rec.011_pop up day\" srcset=\"https:\/\/ricardvila.com\/wp-content\/uploads\/2017\/01\/01.retocada-14-380x498.jpg 1x, https:\/\/ricardvila.com\/wp-content\/uploads\/2017\/01\/01.retocada-14-760x997.jpg 2x\" width=\"380\" \/><div class=\"pht-fig__link--ctnr\"><a class=\"pht-fig__link pht-fig__link--hoverdir pht-fig__link--main pht-text-center a-a a-a--no-h\" href=\"https:\/\/ricardvila.com\/ca\/project\/rec-011\/\"><div class=\"pht-fig__titles pht-epsilon\"><h2 class=\"entry-title pht-truncate pht-heading hN pht-mb0 \">Rec.011<\/h2><\/div><\/a><a href=\"https:\/\/ricardvila.com\/wp-content\/uploads\/2017\/01\/01.retocada-14.jpg\" class=\"pht-fig__link js-pht-magnific_popup pht-fig__link--secondary a-a a-a--no-h\"><i class=\"pht-fig__link__string pht-ic-f1-arrow-expand-alt\"><\/i><\/a><\/div><\/figure>\n\t\t\t\t\t<\/article>\n\n\t\t\t\t\n\t\t\t\t\t<article class=\"pht-showcase__item pht-parent pht-hider js-pht-waypoint pht-waypoint pht-fadesat   u-1-of-2 pht-mctnr--2__item u-1-of-3-desk pht-mctnr--gut24__item\"> \n\t\t\t\t\t\t<figure class=\"pht-fig pht-fig--filter\"><img decoding=\"async\"  src=\"https:\/\/ricardvila.com\/wp-content\/uploads\/2017\/01\/rec.010_retail-design-380x285.jpg\" class=\"pht-img--fill\" alt=\"rec.010_retail design\" srcset=\"https:\/\/ricardvila.com\/wp-content\/uploads\/2017\/01\/rec.010_retail-design-380x285.jpg 1x, https:\/\/ricardvila.com\/wp-content\/uploads\/2017\/01\/rec.010_retail-design-760x570.jpg 2x\" width=\"380\" \/><div class=\"pht-fig__link--ctnr\"><a class=\"pht-fig__link pht-fig__link--hoverdir pht-fig__link--main pht-text-center a-a a-a--no-h\" href=\"https:\/\/ricardvila.com\/ca\/project\/rec010\/\"><div class=\"pht-fig__titles pht-epsilon\"><h2 class=\"entry-title pht-truncate pht-heading hN pht-mb0 \">Rec.010<\/h2><\/div><\/a><a href=\"https:\/\/ricardvila.com\/wp-content\/uploads\/2017\/01\/rec.010_retail-design.jpg\" class=\"pht-fig__link js-pht-magnific_popup pht-fig__link--secondary a-a a-a--no-h\"><i class=\"pht-fig__link__string pht-ic-f1-arrow-expand-alt\"><\/i><\/a><\/div><\/figure>\n\t\t\t\t\t<\/article>\n\n\t\t\t\t\n\t\t\t\t\t<article class=\"pht-showcase__item pht-parent pht-hider js-pht-waypoint pht-waypoint pht-fadesat   u-1-of-2 pht-mctnr--2__item u-1-of-3-desk pht-mctnr--gut24__item\"> \n\t\t\t\t\t\t<figure class=\"pht-fig pht-fig--filter\"><img decoding=\"async\"  src=\"https:\/\/ricardvila.com\/wp-content\/uploads\/2017\/01\/rec.06_installation-1-380x234.jpg\" class=\"pht-img--fill\" alt=\"rec.06_installation\" srcset=\"https:\/\/ricardvila.com\/wp-content\/uploads\/2017\/01\/rec.06_installation-1-380x234.jpg 1x, https:\/\/ricardvila.com\/wp-content\/uploads\/2017\/01\/rec.06_installation-1-760x468.jpg 2x\" width=\"380\" \/><div class=\"pht-fig__link--ctnr\"><a class=\"pht-fig__link pht-fig__link--hoverdir pht-fig__link--main pht-text-center a-a a-a--no-h\" href=\"https:\/\/ricardvila.com\/ca\/project\/rec-06\/\"><div class=\"pht-fig__titles pht-epsilon\"><h2 class=\"entry-title pht-truncate pht-heading hN pht-mb0 \">Rec.06<\/h2><\/div><\/a><a href=\"https:\/\/ricardvila.com\/wp-content\/uploads\/2017\/01\/rec.06_installation-1.jpg\" class=\"pht-fig__link js-pht-magnific_popup pht-fig__link--secondary a-a a-a--no-h\"><i class=\"pht-fig__link__string pht-ic-f1-arrow-expand-alt\"><\/i><\/a><\/div><\/figure>\n\t\t\t\t\t<\/article>\n\n\t\t\t\t\n\t\t\t\t\t<article class=\"pht-showcase__item pht-parent pht-hider js-pht-waypoint pht-waypoint pht-fadesat   u-1-of-2 pht-mctnr--2__item u-1-of-3-desk pht-mctnr--gut24__item\"> \n\t\t\t\t\t\t<figure class=\"pht-fig pht-fig--filter\"><img decoding=\"async\"  src=\"https:\/\/ricardvila.com\/wp-content\/uploads\/2017\/01\/rec.09_detail-design-380x234.jpg\" class=\"pht-img--fill\" alt=\"rec.09_detail design\" srcset=\"https:\/\/ricardvila.com\/wp-content\/uploads\/2017\/01\/rec.09_detail-design-380x234.jpg 1x, https:\/\/ricardvila.com\/wp-content\/uploads\/2017\/01\/rec.09_detail-design-760x468.jpg 2x\" width=\"380\" \/><div class=\"pht-fig__link--ctnr\"><a class=\"pht-fig__link pht-fig__link--hoverdir pht-fig__link--main pht-text-center a-a a-a--no-h\" href=\"https:\/\/ricardvila.com\/ca\/project\/rec09\/\"><div class=\"pht-fig__titles pht-epsilon\"><h2 class=\"entry-title pht-truncate pht-heading hN pht-mb0 \">Rec.09<\/h2><\/div><\/a><a href=\"https:\/\/ricardvila.com\/wp-content\/uploads\/2017\/01\/rec.09_detail-design.jpg\" class=\"pht-fig__link js-pht-magnific_popup pht-fig__link--secondary a-a a-a--no-h\"><i class=\"pht-fig__link__string pht-ic-f1-arrow-expand-alt\"><\/i><\/a><\/div><\/figure>\n\t\t\t\t\t<\/article>\n\n\t\t\t\t\n\t\t\t\t\t<article class=\"pht-showcase__item pht-parent pht-hider js-pht-waypoint pht-waypoint pht-fadesat   u-1-of-2 pht-mctnr--2__item u-1-of-3-desk pht-mctnr--gut24__item\"> \n\t\t\t\t\t\t<figure class=\"pht-fig pht-fig--filter\"><img decoding=\"async\"  src=\"https:\/\/ricardvila.com\/wp-content\/uploads\/2017\/01\/rec.0_detail-380x498.jpg\" class=\"pht-img--fill\" alt=\"rec.0_detail\" srcset=\"https:\/\/ricardvila.com\/wp-content\/uploads\/2017\/01\/rec.0_detail-380x498.jpg 1x, https:\/\/ricardvila.com\/wp-content\/uploads\/2017\/01\/rec.0_detail-760x997.jpg 2x\" width=\"380\" \/><div class=\"pht-fig__link--ctnr\"><a class=\"pht-fig__link pht-fig__link--hoverdir pht-fig__link--main pht-text-center a-a a-a--no-h\" href=\"https:\/\/ricardvila.com\/ca\/project\/rec-0\/\"><div class=\"pht-fig__titles pht-epsilon\"><h2 class=\"entry-title pht-truncate pht-heading hN pht-mb0 \">Rec.0<\/h2><\/div><\/a><a href=\"https:\/\/ricardvila.com\/wp-content\/uploads\/2017\/01\/rec.0_detail.jpg\" class=\"pht-fig__link js-pht-magnific_popup pht-fig__link--secondary a-a a-a--no-h\"><i class=\"pht-fig__link__string pht-ic-f1-arrow-expand-alt\"><\/i><\/a><\/div><\/figure>\n\t\t\t\t\t<\/article>\n\n\t\t\t\t\n\t\t\t\t\t<article class=\"pht-showcase__item pht-parent pht-hider js-pht-waypoint pht-waypoint pht-fadesat   u-1-of-2 pht-mctnr--2__item u-1-of-3-desk pht-mctnr--gut24__item\"> \n\t\t\t\t\t\t<figure class=\"pht-fig pht-fig--filter\"><img decoding=\"async\"  src=\"https:\/\/ricardvila.com\/wp-content\/uploads\/2017\/01\/01.retocada-16-380x498.jpg\" class=\"pht-img--fill\" alt=\"rec.013_street art\" srcset=\"https:\/\/ricardvila.com\/wp-content\/uploads\/2017\/01\/01.retocada-16-380x498.jpg 1x, https:\/\/ricardvila.com\/wp-content\/uploads\/2017\/01\/01.retocada-16-760x997.jpg 2x\" width=\"380\" \/><div class=\"pht-fig__link--ctnr\"><a class=\"pht-fig__link pht-fig__link--hoverdir pht-fig__link--main pht-text-center a-a a-a--no-h\" href=\"https:\/\/ricardvila.com\/ca\/project\/rec013\/\"><div class=\"pht-fig__titles pht-epsilon\"><h2 class=\"entry-title pht-truncate pht-heading hN pht-mb0 \">Rec.013<\/h2><\/div><\/a><a href=\"https:\/\/ricardvila.com\/wp-content\/uploads\/2017\/01\/01.retocada-16.jpg\" class=\"pht-fig__link js-pht-magnific_popup pht-fig__link--secondary a-a a-a--no-h\"><i class=\"pht-fig__link__string pht-ic-f1-arrow-expand-alt\"><\/i><\/a><\/div><\/figure>\n\t\t\t\t\t<\/article>\n\n\t\t\t\t\n\t\t\t\t\t<article class=\"pht-showcase__item pht-parent pht-hider js-pht-waypoint pht-waypoint pht-fadesat   u-1-of-2 pht-mctnr--2__item u-1-of-3-desk pht-mctnr--gut24__item\"> \n\t\t\t\t\t\t<figure class=\"pht-fig pht-fig--filter\"><img decoding=\"async\"  src=\"https:\/\/ricardvila.com\/wp-content\/uploads\/2017\/01\/rec.01_installation-380x234.jpg\" class=\"pht-img--fill\" alt=\"rec.01_installation\" srcset=\"https:\/\/ricardvila.com\/wp-content\/uploads\/2017\/01\/rec.01_installation-380x234.jpg 1x, https:\/\/ricardvila.com\/wp-content\/uploads\/2017\/01\/rec.01_installation-760x468.jpg 2x\" width=\"380\" \/><div class=\"pht-fig__link--ctnr\"><a class=\"pht-fig__link pht-fig__link--hoverdir pht-fig__link--main pht-text-center a-a a-a--no-h\" href=\"https:\/\/ricardvila.com\/ca\/project\/rec-01\/\"><div class=\"pht-fig__titles pht-epsilon\"><h2 class=\"entry-title pht-truncate pht-heading hN pht-mb0 \">Rec.01<\/h2><\/div><\/a><a href=\"https:\/\/ricardvila.com\/wp-content\/uploads\/2017\/01\/rec.01_installation.jpg\" class=\"pht-fig__link js-pht-magnific_popup pht-fig__link--secondary a-a a-a--no-h\"><i class=\"pht-fig__link__string pht-ic-f1-arrow-expand-alt\"><\/i><\/a><\/div><\/figure>\n\t\t\t\t\t<\/article>\n\n\t\t\t\t\n\t\t\t\t\t<article class=\"pht-showcase__item pht-parent pht-hider js-pht-waypoint pht-waypoint pht-fadesat   u-1-of-2 pht-mctnr--2__item u-1-of-3-desk pht-mctnr--gut24__item\"> \n\t\t\t\t\t\t<figure class=\"pht-fig pht-fig--filter\"><img decoding=\"async\"  src=\"https:\/\/ricardvila.com\/wp-content\/uploads\/2017\/01\/rec.012_design-380x234.jpg\" class=\"pht-img--fill\" alt=\"rec.012_design\" srcset=\"https:\/\/ricardvila.com\/wp-content\/uploads\/2017\/01\/rec.012_design-380x234.jpg 1x, https:\/\/ricardvila.com\/wp-content\/uploads\/2017\/01\/rec.012_design-760x468.jpg 2x\" width=\"380\" \/><div class=\"pht-fig__link--ctnr\"><a class=\"pht-fig__link pht-fig__link--hoverdir pht-fig__link--main pht-text-center a-a a-a--no-h\" href=\"https:\/\/ricardvila.com\/ca\/project\/rec012\/\"><div class=\"pht-fig__titles pht-epsilon\"><h2 class=\"entry-title pht-truncate pht-heading hN pht-mb0 \">Rec.012<\/h2><\/div><\/a><a href=\"https:\/\/ricardvila.com\/wp-content\/uploads\/2017\/01\/rec.012_design.jpg\" class=\"pht-fig__link js-pht-magnific_popup pht-fig__link--secondary a-a a-a--no-h\"><i class=\"pht-fig__link__string pht-ic-f1-arrow-expand-alt\"><\/i><\/a><\/div><\/figure>\n\t\t\t\t\t<\/article>\n\n\t\t\t\t\n\t\t\t\t\t<article class=\"pht-showcase__item pht-parent pht-hider js-pht-waypoint pht-waypoint pht-fadesat   u-1-of-2 pht-mctnr--2__item u-1-of-3-desk pht-mctnr--gut24__item\"> \n\t\t\t\t\t\t<figure class=\"pht-fig pht-fig--filter\"><img decoding=\"async\"  src=\"https:\/\/ricardvila.com\/wp-content\/uploads\/2017\/01\/02.retocada-6-380x234.jpg\" class=\"pht-img--fill\" alt=\"rec.07_retail design\" srcset=\"https:\/\/ricardvila.com\/wp-content\/uploads\/2017\/01\/02.retocada-6-380x234.jpg 1x, https:\/\/ricardvila.com\/wp-content\/uploads\/2017\/01\/02.retocada-6-760x468.jpg 2x\" width=\"380\" \/><div class=\"pht-fig__link--ctnr\"><a class=\"pht-fig__link pht-fig__link--hoverdir pht-fig__link--main pht-text-center a-a a-a--no-h\" href=\"https:\/\/ricardvila.com\/ca\/project\/rec-07\/\"><div class=\"pht-fig__titles pht-epsilon\"><h2 class=\"entry-title pht-truncate pht-heading hN pht-mb0 \">Rec.07<\/h2><\/div><\/a><a href=\"https:\/\/ricardvila.com\/wp-content\/uploads\/2017\/01\/02.retocada-6.jpg\" class=\"pht-fig__link js-pht-magnific_popup pht-fig__link--secondary a-a a-a--no-h\"><i class=\"pht-fig__link__string pht-ic-f1-arrow-expand-alt\"><\/i><\/a><\/div><\/figure>\n\t\t\t\t\t<\/article>\n\n\t\t\t\t\n\t\t\t\t\t<article class=\"pht-showcase__item pht-parent pht-hider js-pht-waypoint pht-waypoint pht-fadesat   u-1-of-2 pht-mctnr--2__item u-1-of-3-desk pht-mctnr--gut24__item\"> \n\t\t\t\t\t\t<figure class=\"pht-fig pht-fig--filter\"><img decoding=\"async\"  src=\"https:\/\/ricardvila.com\/wp-content\/uploads\/2017\/01\/rec08_ephemeral-design-380x234.jpg\" class=\"pht-img--fill\" alt=\"rec08_ephemeral design\" srcset=\"https:\/\/ricardvila.com\/wp-content\/uploads\/2017\/01\/rec08_ephemeral-design-380x234.jpg 1x, https:\/\/ricardvila.com\/wp-content\/uploads\/2017\/01\/rec08_ephemeral-design-760x468.jpg 2x\" width=\"380\" \/><div class=\"pht-fig__link--ctnr\"><a class=\"pht-fig__link pht-fig__link--hoverdir pht-fig__link--main pht-text-center a-a a-a--no-h\" href=\"https:\/\/ricardvila.com\/ca\/project\/rec08\/\"><div class=\"pht-fig__titles pht-epsilon\"><h2 class=\"entry-title pht-truncate pht-heading hN pht-mb0 \">Rec.08<\/h2><\/div><\/a><a href=\"https:\/\/ricardvila.com\/wp-content\/uploads\/2017\/01\/rec08_ephemeral-design.jpg\" class=\"pht-fig__link js-pht-magnific_popup pht-fig__link--secondary a-a a-a--no-h\"><i class=\"pht-fig__link__string pht-ic-f1-arrow-expand-alt\"><\/i><\/a><\/div><\/figure>\n\t\t\t\t\t<\/article>\n\n\t\t\t\t\n\t\t\t\t\t<article class=\"pht-showcase__item pht-parent pht-hider js-pht-waypoint pht-waypoint pht-fadesat   u-1-of-2 pht-mctnr--2__item u-1-of-3-desk pht-mctnr--gut24__item\"> \n\t\t\t\t\t\t<figure class=\"pht-fig pht-fig--filter\"><img decoding=\"async\"  src=\"https:\/\/ricardvila.com\/wp-content\/uploads\/2017\/01\/rec.05_ephemeral-design-380x234.jpg\" class=\"pht-img--fill\" alt=\"rec.05_ephemeral design\" srcset=\"https:\/\/ricardvila.com\/wp-content\/uploads\/2017\/01\/rec.05_ephemeral-design-380x234.jpg 1x, https:\/\/ricardvila.com\/wp-content\/uploads\/2017\/01\/rec.05_ephemeral-design-760x468.jpg 2x\" width=\"380\" \/><div class=\"pht-fig__link--ctnr\"><a class=\"pht-fig__link pht-fig__link--hoverdir pht-fig__link--main pht-text-center a-a a-a--no-h\" href=\"https:\/\/ricardvila.com\/ca\/project\/rec-05\/\"><div class=\"pht-fig__titles pht-epsilon\"><h2 class=\"entry-title pht-truncate pht-heading hN pht-mb0 \">Rec.05<\/h2><\/div><\/a><a href=\"https:\/\/ricardvila.com\/wp-content\/uploads\/2017\/01\/rec.05_ephemeral-design.jpg\" class=\"pht-fig__link js-pht-magnific_popup pht-fig__link--secondary a-a a-a--no-h\"><i class=\"pht-fig__link__string pht-ic-f1-arrow-expand-alt\"><\/i><\/a><\/div><\/figure>\n\t\t\t\t\t<\/article>\n\n\t\t\t\t\n\t\t\t\t\t<article class=\"pht-showcase__item pht-parent pht-hider js-pht-waypoint pht-waypoint pht-fadesat   u-1-of-2 pht-mctnr--2__item u-1-of-3-desk pht-mctnr--gut24__item\"> \n\t\t\t\t\t\t<figure class=\"pht-fig pht-fig--filter\"><img decoding=\"async\"  src=\"https:\/\/ricardvila.com\/wp-content\/uploads\/2017\/01\/01.retocada-4-380x234.jpg\" class=\"pht-img--fill\" alt=\"rec.04\" srcset=\"https:\/\/ricardvila.com\/wp-content\/uploads\/2017\/01\/01.retocada-4-380x234.jpg 1x, https:\/\/ricardvila.com\/wp-content\/uploads\/2017\/01\/01.retocada-4-760x468.jpg 2x\" width=\"380\" \/><div class=\"pht-fig__link--ctnr\"><a class=\"pht-fig__link pht-fig__link--hoverdir pht-fig__link--main pht-text-center a-a a-a--no-h\" href=\"https:\/\/ricardvila.com\/ca\/project\/rec-04\/\"><div class=\"pht-fig__titles pht-epsilon\"><h2 class=\"entry-title pht-truncate pht-heading hN pht-mb0 \">Rec.04<\/h2><\/div><\/a><a href=\"https:\/\/ricardvila.com\/wp-content\/uploads\/2017\/01\/01.retocada-4.jpg\" class=\"pht-fig__link js-pht-magnific_popup pht-fig__link--secondary a-a a-a--no-h\"><i class=\"pht-fig__link__string pht-ic-f1-arrow-expand-alt\"><\/i><\/a><\/div><\/figure>\n\t\t\t\t\t<\/article>\n\n\t\t\t\t\n\t\t\t\t\t<article class=\"pht-showcase__item pht-parent pht-hider js-pht-waypoint pht-waypoint pht-fadesat   u-1-of-2 pht-mctnr--2__item u-1-of-3-desk pht-mctnr--gut24__item\"> \n\t\t\t\t\t\t<figure class=\"pht-fig pht-fig--filter\"><img decoding=\"async\"  src=\"https:\/\/ricardvila.com\/wp-content\/uploads\/2017\/01\/detall-1-380x498.jpg\" class=\"pht-img--fill\" alt=\"rec.03\" srcset=\"https:\/\/ricardvila.com\/wp-content\/uploads\/2017\/01\/detall-1-380x498.jpg 1x, https:\/\/ricardvila.com\/wp-content\/uploads\/2017\/01\/detall-1-760x997.jpg 2x\" width=\"380\" \/><div class=\"pht-fig__link--ctnr\"><a class=\"pht-fig__link pht-fig__link--hoverdir pht-fig__link--main pht-text-center a-a a-a--no-h\" href=\"https:\/\/ricardvila.com\/ca\/project\/rec-03\/\"><div class=\"pht-fig__titles pht-epsilon\"><h2 class=\"entry-title pht-truncate pht-heading hN pht-mb0 \">Rec.03<\/h2><\/div><\/a><a href=\"https:\/\/ricardvila.com\/wp-content\/uploads\/2017\/01\/detall-1.jpg\" class=\"pht-fig__link js-pht-magnific_popup pht-fig__link--secondary a-a a-a--no-h\"><i class=\"pht-fig__link__string pht-ic-f1-arrow-expand-alt\"><\/i><\/a><\/div><\/figure>\n\t\t\t\t\t<\/article>\n\n\t\t\t\t\n\t\t\t\t\t<article class=\"pht-showcase__item pht-parent pht-hider js-pht-waypoint pht-waypoint pht-fadesat   u-1-of-2 pht-mctnr--2__item u-1-of-3-desk pht-mctnr--gut24__item\"> \n\t\t\t\t\t\t<figure class=\"pht-fig pht-fig--filter\"><img decoding=\"async\"  src=\"https:\/\/ricardvila.com\/wp-content\/uploads\/2017\/01\/rec.02_lighting-design-380x234.jpg\" class=\"pht-img--fill\" alt=\"rec.02_lighting design\" srcset=\"https:\/\/ricardvila.com\/wp-content\/uploads\/2017\/01\/rec.02_lighting-design-380x234.jpg 1x, https:\/\/ricardvila.com\/wp-content\/uploads\/2017\/01\/rec.02_lighting-design-760x468.jpg 2x\" width=\"380\" \/><div class=\"pht-fig__link--ctnr\"><a class=\"pht-fig__link pht-fig__link--hoverdir pht-fig__link--main pht-text-center a-a a-a--no-h\" href=\"https:\/\/ricardvila.com\/ca\/project\/rec-0-2\/\"><div class=\"pht-fig__titles pht-epsilon\"><h2 class=\"entry-title pht-truncate pht-heading hN pht-mb0 \">Rec.02<\/h2><\/div><\/a><a href=\"https:\/\/ricardvila.com\/wp-content\/uploads\/2017\/01\/rec.02_lighting-design.jpg\" class=\"pht-fig__link js-pht-magnific_popup pht-fig__link--secondary a-a a-a--no-h\"><i class=\"pht-fig__link__string pht-ic-f1-arrow-expand-alt\"><\/i><\/a><\/div><\/figure>\n\t\t\t\t\t<\/article>\n\n\t\t\t\t\n\t\t\t<\/div><!-- .js-phtpb_showcase_ctnr -->\n\n\t\t<\/div><\/div><\/div><!-- --><\/div><\/div><\/section>","protected":false},"excerpt":{"rendered":"","protected":false},"author":1,"featured_media":0,"parent":0,"menu_order":0,"comment_status":"closed","ping_status":"closed","template":"","meta":{"footnotes":""},"class_list":["post-1590","page","type-page","status-publish","hentry"],"yoast_head":"<!-- This site is optimized with the Yoast SEO plugin v27.1.1 - https:\/\/yoast.com\/product\/yoast-seo-wordpress\/ -->\n<title>Rec.0 - Ricard Vila Studio<\/title>\n<meta name=\"robots\" content=\"index, follow, max-snippet:-1, max-image-preview:large, max-video-preview:-1\" \/>\n<link rel=\"canonical\" href=\"https:\/\/ricardvila.com\/ca\/rec-0\/\" \/>\n<meta property=\"og:locale\" content=\"ca_ES\" \/>\n<meta property=\"og:type\" content=\"article\" \/>\n<meta property=\"og:title\" content=\"Rec.0 - Ricard Vila Studio\" \/>\n<meta property=\"og:url\" content=\"https:\/\/ricardvila.com\/ca\/rec-0\/\" \/>\n<meta property=\"og:site_name\" content=\"Ricard Vila Studio\" \/>\n<meta property=\"article:modified_time\" content=\"2017-03-30T14:16:54+00:00\" \/>\n<meta name=\"twitter:card\" content=\"summary_large_image\" \/>\n<script type=\"application\/ld+json\" class=\"yoast-schema-graph\">{\"@context\":\"https:\/\/schema.org\",\"@graph\":[{\"@type\":\"WebPage\",\"@id\":\"https:\/\/ricardvila.com\/ca\/rec-0\/\",\"url\":\"https:\/\/ricardvila.com\/ca\/rec-0\/\",\"name\":\"Rec.0 - Ricard Vila Studio\",\"isPartOf\":{\"@id\":\"https:\/\/ricardvila.com\/#website\"},\"datePublished\":\"2017-01-17T16:21:17+00:00\",\"dateModified\":\"2017-03-30T14:16:54+00:00\",\"breadcrumb\":{\"@id\":\"https:\/\/ricardvila.com\/ca\/rec-0\/#breadcrumb\"},\"inLanguage\":\"ca\",\"potentialAction\":[{\"@type\":\"ReadAction\",\"target\":[\"https:\/\/ricardvila.com\/ca\/rec-0\/\"]}]},{\"@type\":\"BreadcrumbList\",\"@id\":\"https:\/\/ricardvila.com\/ca\/rec-0\/#breadcrumb\",\"itemListElement\":[{\"@type\":\"ListItem\",\"position\":1,\"name\":\"Home\",\"item\":\"https:\/\/ricardvila.com\/ca\/\"},{\"@type\":\"ListItem\",\"position\":2,\"name\":\"Rec.0\"}]},{\"@type\":\"WebSite\",\"@id\":\"https:\/\/ricardvila.com\/#website\",\"url\":\"https:\/\/ricardvila.com\/\",\"name\":\"Ricard Vila Studio\",\"description\":\"\",\"potentialAction\":[{\"@type\":\"SearchAction\",\"target\":{\"@type\":\"EntryPoint\",\"urlTemplate\":\"https:\/\/ricardvila.com\/?s={search_term_string}\"},\"query-input\":{\"@type\":\"PropertyValueSpecification\",\"valueRequired\":true,\"valueName\":\"search_term_string\"}}],\"inLanguage\":\"ca\"}]}<\/script>\n<!-- \/ Yoast SEO plugin. -->","yoast_head_json":{"title":"Rec.0 - Ricard Vila Studio","robots":{"index":"index","follow":"follow","max-snippet":"max-snippet:-1","max-image-preview":"max-image-preview:large","max-video-preview":"max-video-preview:-1"},"canonical":"https:\/\/ricardvila.com\/ca\/rec-0\/","og_locale":"ca_ES","og_type":"article","og_title":"Rec.0 - Ricard Vila Studio","og_url":"https:\/\/ricardvila.com\/ca\/rec-0\/","og_site_name":"Ricard Vila Studio","article_modified_time":"2017-03-30T14:16:54+00:00","twitter_card":"summary_large_image","schema":{"@context":"https:\/\/schema.org","@graph":[{"@type":"WebPage","@id":"https:\/\/ricardvila.com\/ca\/rec-0\/","url":"https:\/\/ricardvila.com\/ca\/rec-0\/","name":"Rec.0 - Ricard Vila Studio","isPartOf":{"@id":"https:\/\/ricardvila.com\/#website"},"datePublished":"2017-01-17T16:21:17+00:00","dateModified":"2017-03-30T14:16:54+00:00","breadcrumb":{"@id":"https:\/\/ricardvila.com\/ca\/rec-0\/#breadcrumb"},"inLanguage":"ca","potentialAction":[{"@type":"ReadAction","target":["https:\/\/ricardvila.com\/ca\/rec-0\/"]}]},{"@type":"BreadcrumbList","@id":"https:\/\/ricardvila.com\/ca\/rec-0\/#breadcrumb","itemListElement":[{"@type":"ListItem","position":1,"name":"Home","item":"https:\/\/ricardvila.com\/ca\/"},{"@type":"ListItem","position":2,"name":"Rec.0"}]},{"@type":"WebSite","@id":"https:\/\/ricardvila.com\/#website","url":"https:\/\/ricardvila.com\/","name":"Ricard Vila Studio","description":"","potentialAction":[{"@type":"SearchAction","target":{"@type":"EntryPoint","urlTemplate":"https:\/\/ricardvila.com\/?s={search_term_string}"},"query-input":{"@type":"PropertyValueSpecification","valueRequired":true,"valueName":"search_term_string"}}],"inLanguage":"ca"}]}},"_links":{"self":[{"href":"https:\/\/ricardvila.com\/ca\/wp-json\/wp\/v2\/pages\/1590","targetHints":{"allow":["GET"]}}],"collection":[{"href":"https:\/\/ricardvila.com\/ca\/wp-json\/wp\/v2\/pages"}],"about":[{"href":"https:\/\/ricardvila.com\/ca\/wp-json\/wp\/v2\/types\/page"}],"author":[{"embeddable":true,"href":"https:\/\/ricardvila.com\/ca\/wp-json\/wp\/v2\/users\/1"}],"replies":[{"embeddable":true,"href":"https:\/\/ricardvila.com\/ca\/wp-json\/wp\/v2\/comments?post=1590"}],"version-history":[{"count":5,"href":"https:\/\/ricardvila.com\/ca\/wp-json\/wp\/v2\/pages\/1590\/revisions"}],"predecessor-version":[{"id":3166,"href":"https:\/\/ricardvila.com\/ca\/wp-json\/wp\/v2\/pages\/1590\/revisions\/3166"}],"wp:attachment":[{"href":"https:\/\/ricardvila.com\/ca\/wp-json\/wp\/v2\/media?parent=1590"}],"curies":[{"name":"wp","href":"https:\/\/api.w.org\/{rel}","templated":true}]}}